{"id":135,"date":"2022-01-19T15:34:54","date_gmt":"2022-01-19T15:34:54","guid":{"rendered":"https:\/\/xunterbunt.ch\/?page_id=135"},"modified":"2022-01-23T15:08:35","modified_gmt":"2022-01-23T15:08:35","slug":"ueber-xylit","status":"publish","type":"page","link":"https:\/\/xunterbunt.ch\/index.php\/ueber-xylit\/","title":{"rendered":"\u00dcber Xylit"},"content":{"rendered":"\n<p>Xylit (auch Xylitol oder Birkenzucker genannt) ist ein S\u00fcssungsmittel aus nat\u00fcrlichen pflanzlichen Rohstoffen, das auch in diversen Obst- und Gem\u00fcsesorten vorkommt. Gewonnen wird es aus den n\u00e4hrstoffreichen Fasern der Birken- und Buchenrinde. In den 70er Jahren wurde erstmals in der Turku-Zuckerstudie seine zahnfreundliche Wirkung bekannt. Seitdem wurden diverse weitere positive Eigenschaften nachgewiesen, weshalb es mittlerweile f\u00fcr viele zahnhygienische Produkte und weitere Medikamente verwendet wird. Da es sich im K\u00f6rper anders als Zucker verh\u00e4lt, ist es auch f\u00fcr Menschen mit Diabetes geeignet und bietet eine wahre Zuckeralternative f\u00fcr all jene, die sich bewusster und ges\u00fcnder ern\u00e4hren wollen.<\/p>\n\n\n\n<p>Vorteile im \u00dcberblick:<\/p>\n\n\n\n<div class=\"wp-block-columns is-layout-flex wp-container-core-columns-is-layout-9d6595d7 wp-block-columns-is-layout-flex\">\n<div class=\"wp-block-column is-layout-flow wp-block-column-is-layout-flow\">\n<ul class=\"wp-block-list\"><li>40% weniger Kalorien als herk\u00f6mmlicher Zucker<\/li><li>Kann 1:1 wie Zucker verwendet werden<\/li><li>S\u00fcsst und schmeckt beinahe wie Zucker<\/li><li>Wird nahezu ohne Insulin abgebaut<\/li><li>Beeinflusst den Blutzuckerspiegel kaum<\/li><li>Gesund f\u00fcr die Z\u00e4hne<\/li><li>Von Natur aus Zuckerfrei<\/li><li>Antibakterielle Wirkung<\/li><li>F\u00f6rdert die Verdauung<\/li><\/ul>\n<\/div>\n\n\n\n<div class=\"wp-block-column is-layout-flow wp-block-column-is-layout-flow\">\n<figure class=\"wp-block-image size-large\"><img loading=\"lazy\" decoding=\"async\" width=\"1024\" height=\"683\" src=\"https:\/\/xunterbunt.ch\/wp-content\/uploads\/2022\/01\/Xylit_web-1024x683.jpg\" alt=\"\" class=\"wp-image-226\" srcset=\"https:\/\/xunterbunt.ch\/wp-content\/uploads\/2022\/01\/Xylit_web-1024x683.jpg 1024w, https:\/\/xunterbunt.ch\/wp-content\/uploads\/2022\/01\/Xylit_web-300x200.jpg 300w, https:\/\/xunterbunt.ch\/wp-content\/uploads\/2022\/01\/Xylit_web-768x512.jpg 768w, https:\/\/xunterbunt.ch\/wp-content\/uploads\/2022\/01\/Xylit_web-530x353.jpg 530w, https:\/\/xunterbunt.ch\/wp-content\/uploads\/2022\/01\/Xylit_web.jpg 1200w\" sizes=\"auto, (max-width: 1024px) 100vw, 1024px\" \/><\/figure>\n<\/div>\n<\/div>\n\n\n\n<p>Xylit kann f\u00fcr das S\u00fcssen von M\u00fcesli und anderen S\u00fcssspeisen, f\u00fcr die Herstellung von Konfit\u00fcren und Brotaufstrichen, sowie f\u00fcr Kuchen, Backwaren und Desserts verwendet werden. Dabei wird empfohlen, die angegebene Menge Zucker 1:1 mit Xylit zu ersetzen. Der Erfahrung nach reichen 80% der angegebenen Menge jedoch vollkommen aus.<\/p>\n\n\n\n<p>Achtung: Da Xylit die Verdauung f\u00f6rdert und bei \u00fcberm\u00e4ssigem Verzehr abf\u00fchrend wirken kann, muss sich der K\u00f6rper zuerst daran gew\u00f6hnen. Deshalb sollte es anf\u00e4nglich nicht in zu grossen Mengen (mehr als 50g t\u00e4glich) verzehrt werden.<\/p>\n\n\n\n<br><br><br>\n\n\n\n<p>Mehr Infos zu Xylit:<\/p>\n\n\n\n<p><a href=\"https:\/\/www.birkengold.com\/xylit\/was-ist-xylit\">https:\/\/www.birkengold.com\/xylit\/was-ist-xylit<\/a><\/p>\n\n\n\n<p><a href=\"https:\/\/www.xylosan.com\/ueber-xylit-2.html\">https:\/\/www.xylosan.com\/ueber-xylit-2.html<\/a><\/p>\n","protected":false},"excerpt":{"rendered":"<p>Xylit (auch Xylitol oder Birkenzucker genannt) ist ein S\u00fcssungsmittel aus nat\u00fcrlichen pflanzlichen Rohstoffen, das auch in diversen Obst- und Gem\u00fcsesorten vorkommt. Gewonnen wird es aus den n\u00e4hrstoffreichen Fasern der Birken- und Buchenrinde. In den 70er Jahren wurde erstmals in der Turku-Zuckerstudie seine zahnfreundliche Wirkung bekannt. Seitdem wurden diverse weitere positive Eigenschaften nachgewiesen, weshalb es mittlerweile [&hellip;]<\/p>\n","protected":false},"author":1,"featured_media":0,"parent":0,"menu_order":0,"comment_status":"closed","ping_status":"closed","template":"","meta":{"footnotes":""},"class_list":["post-135","page","type-page","status-publish","hentry"],"_links":{"self":[{"href":"https:\/\/xunterbunt.ch\/index.php\/wp-json\/wp\/v2\/pages\/135","targetHints":{"allow":["GET"]}}],"collection":[{"href":"https:\/\/xunterbunt.ch\/index.php\/wp-json\/wp\/v2\/pages"}],"about":[{"href":"https:\/\/xunterbunt.ch\/index.php\/wp-json\/wp\/v2\/types\/page"}],"author":[{"embeddable":true,"href":"https:\/\/xunterbunt.ch\/index.php\/wp-json\/wp\/v2\/users\/1"}],"replies":[{"embeddable":true,"href":"https:\/\/xunterbunt.ch\/index.php\/wp-json\/wp\/v2\/comments?post=135"}],"version-history":[{"count":12,"href":"https:\/\/xunterbunt.ch\/index.php\/wp-json\/wp\/v2\/pages\/135\/revisions"}],"predecessor-version":[{"id":296,"href":"https:\/\/xunterbunt.ch\/index.php\/wp-json\/wp\/v2\/pages\/135\/revisions\/296"}],"wp:attachment":[{"href":"https:\/\/xunterbunt.ch\/index.php\/wp-json\/wp\/v2\/media?parent=135"}],"curies":[{"name":"wp","href":"https:\/\/api.w.org\/{rel}","templated":true}]}}