{"id":28,"date":"2021-12-09T21:10:58","date_gmt":"2021-12-09T21:10:58","guid":{"rendered":"https:\/\/xunterbunt.ch\/?page_id=28"},"modified":"2022-01-23T15:11:58","modified_gmt":"2022-01-23T15:11:58","slug":"ueber-uns","status":"publish","type":"page","link":"https:\/\/xunterbunt.ch\/index.php\/ueber-uns\/","title":{"rendered":"\u00dcber uns"},"content":{"rendered":"<p>Als Kinder einer koch- und essbegeisterten Familie wurde uns zwei Schwestern die Begeisterung f\u00fcr selbstgemachte Schlemmereien quasi in die Wiege gelegt. Vor ungef\u00e4hr sechs Jahren begannen wir mit der Suche nach einer Alternative zum herk\u00f6mmlichen weissen Zucker. Dabei erschienen alle von uns ausprobierten Zuckeralternativen bei genauerem Pr\u00fcfen nicht befriedigend. Denn egal ob Fruchtzucker, Honig, Agavendicksaft oder brauner Zucker; der Effekt ist in etwa derselbe.<\/p>\n<p>Schliesslich stiessen wir auf Xylit, fingen an damit zu experimentieren und waren begeistert! Es wirkt sich praktisch nicht auf den Blutzuckerspiegel aus und verursachte somit keinen Heisshunger. Er schmeckt fast gleich wie Zucker und l\u00e4sst sich wunderbar f\u00fcr alle m\u00f6glichen S\u00fcssspeisen verwenden. Unterdessen ersetzt Xylit bei uns zuhause komplett den weissen Zucker. Auch seine antibakterielle Wirkung meinen wir beide zu sp\u00fcren: Seit wir fast ausschliesslich S\u00fcsses mit Xylit essen, sind wir deutlich seltener erk\u00e4ltet.<\/p>\n<p>Nachdem wir uns einige Zeit damit begn\u00fcgten uns selbst und unsere Liebsten mit Xylit\u2013Desserts zu begl\u00fccken, kam vor etwa drei Jahren die Idee auf, den noch relativ unbekannten und gesunden Zuckeraustauschstoff unter die Leute zu bringen und unsere Begeisterung zu teilen. Nun endlich wagen wir den Schritt und bieten unsere Produkte in Form eines Xunterbunt-Paketes an, das von uns direkt an die Haust\u00fcre gebracht wird.<\/p>\n<p>Das Projekt steht in den Anf\u00e4ngen und befindet sich noch in der Testphase. Dennoch sind wir in Bezug auf die Pr\u00e4sentation der Produkte und der Homepage dank Marcel Sokoll und seinen fotografischen und technischen K\u00fcnsten schon viel weiter als urspr\u00fcnglich gedacht.<\/p>\n<p>Vielen Dank daf\u00fcr!<\/p>\n<p>Schon vor der ersten Auslieferung ist f\u00fcr uns klar: Das Projekt hat sich gelohnt. Die gemeinsame Freude am Backen und Experimentieren, sowie das Entwickeln der verschiedenen Ideen macht uns grosse Freude und gibt uns Anlass, noch mehr gemeinsame Zeit zu verbringen.<\/p>\n<p>Viel Spass beim Entdecken unserer Produkte<br \/>Sabina &amp; Ronja<\/p>\n\n\n<br>\n\n\n\n<hr class=\"wp-block-separator is-style-wide\"\/>\n\n\n\n<p>F\u00fcr unsere Produkte verwenden wir Xylit von Xylosan.com. Dieses verf\u00fcgt zwar \u00fcber kein Bio-Zertifikat, ist aber in der Produktion mindestens genauso nachhaltig. (Mehr dazu auf <a href=\"https:\/\/www.xylosan.com\/blog\/bio-xylit-bio-birkenzucker\/\">https:\/\/www.xylosan.com\/blog\/bio-xylit-bio-birkenzucker\/<\/a>)<\/p>\n\n\n\n<p>Alle anderen von uns verwendeten Produkte stammen, wenn m\u00f6glich, aus biologischer oder regionaler Produktion.<\/p>\n","protected":false},"excerpt":{"rendered":"<p>Als Kinder einer koch- und essbegeisterten Familie wurde uns zwei Schwestern die Begeisterung f\u00fcr selbstgemachte Schlemmereien quasi in die Wiege gelegt. Vor ungef\u00e4hr sechs Jahren begannen wir mit der Suche nach einer Alternative zum herk\u00f6mmlichen weissen Zucker. Dabei erschienen alle von uns ausprobierten Zuckeralternativen bei genauerem Pr\u00fcfen nicht befriedigend. Denn egal ob Fruchtzucker, Honig, Agavendicksaft [&hellip;]<\/p>\n","protected":false},"author":1,"featured_media":0,"parent":0,"menu_order":0,"comment_status":"closed","ping_status":"closed","template":"","meta":{"footnotes":""},"class_list":["post-28","page","type-page","status-publish","hentry"],"_links":{"self":[{"href":"https:\/\/xunterbunt.ch\/index.php\/wp-json\/wp\/v2\/pages\/28","targetHints":{"allow":["GET"]}}],"collection":[{"href":"https:\/\/xunterbunt.ch\/index.php\/wp-json\/wp\/v2\/pages"}],"about":[{"href":"https:\/\/xunterbunt.ch\/index.php\/wp-json\/wp\/v2\/types\/page"}],"author":[{"embeddable":true,"href":"https:\/\/xunterbunt.ch\/index.php\/wp-json\/wp\/v2\/users\/1"}],"replies":[{"embeddable":true,"href":"https:\/\/xunterbunt.ch\/index.php\/wp-json\/wp\/v2\/comments?post=28"}],"version-history":[{"count":9,"href":"https:\/\/xunterbunt.ch\/index.php\/wp-json\/wp\/v2\/pages\/28\/revisions"}],"predecessor-version":[{"id":301,"href":"https:\/\/xunterbunt.ch\/index.php\/wp-json\/wp\/v2\/pages\/28\/revisions\/301"}],"wp:attachment":[{"href":"https:\/\/xunterbunt.ch\/index.php\/wp-json\/wp\/v2\/media?parent=28"}],"curies":[{"name":"wp","href":"https:\/\/api.w.org\/{rel}","templated":true}]}}