{"id":103,"date":"2022-01-17T21:09:35","date_gmt":"2022-01-17T21:09:35","guid":{"rendered":"https:\/\/xunterbunt.ch\/?post_type=product&#038;p=103"},"modified":"2025-09-29T15:34:09","modified_gmt":"2025-09-29T15:34:09","slug":"donuts","status":"publish","type":"product","link":"https:\/\/xunterbunt.ch\/index.php\/produkt\/donuts\/","title":{"rendered":"Donuts"},"content":{"rendered":"<p>Zutaten: Bio <strong>Weizenmehl<\/strong>, Bio <strong>Milch<\/strong>, Bio <strong>Butter<\/strong>, Xylit, Bio <strong>Eier<\/strong>, Bio Apfelmus, Bio Hefe, Salz, Fritier\u00f6l (Sonnenblume\u00f6l), Weisse Schokolade (Kakaobutter, S\u00fcssungsmittel(Xylit), <strong>Vollmilch<\/strong>pulver,\u00a0 <strong>Magermilch<\/strong>pulver, <strong>Butter<\/strong>reinfett, Emulgator: Sonnenblumenlecithin, nat\u00fcrliches Bourbon-Vanillearoma)<\/p>\n<p>Allergene: Enth\u00e4lt Gluten, Milch und Eier.<\/p>\n","protected":false},"excerpt":{"rendered":"<p>Glasur: Weisse Schokolade (Xylit)<\/p>\n<p><strong>Haltbarkeit<\/strong>: Am selben Tag geniessen<\/p>\n","protected":false},"featured_media":154,"comment_status":"open","ping_status":"closed","template":"","meta":[],"product_cat":[18],"product_tag":[],"class_list":["post-103","product","type-product","status-publish","has-post-thumbnail","hentry","product_cat-backwaren"],"_links":{"self":[{"href":"https:\/\/xunterbunt.ch\/index.php\/wp-json\/wp\/v2\/product\/103","targetHints":{"allow":["GET"]}}],"collection":[{"href":"https:\/\/xunterbunt.ch\/index.php\/wp-json\/wp\/v2\/product"}],"about":[{"href":"https:\/\/xunterbunt.ch\/index.php\/wp-json\/wp\/v2\/types\/product"}],"replies":[{"embeddable":true,"href":"https:\/\/xunterbunt.ch\/index.php\/wp-json\/wp\/v2\/comments?post=103"}],"wp:featuredmedia":[{"embeddable":true,"href":"https:\/\/xunterbunt.ch\/index.php\/wp-json\/wp\/v2\/media\/154"}],"wp:attachment":[{"href":"https:\/\/xunterbunt.ch\/index.php\/wp-json\/wp\/v2\/media?parent=103"}],"wp:term":[{"taxonomy":"product_cat","embeddable":true,"href":"https:\/\/xunterbunt.ch\/index.php\/wp-json\/wp\/v2\/product_cat?post=103"},{"taxonomy":"product_tag","embeddable":true,"href":"https:\/\/xunterbunt.ch\/index.php\/wp-json\/wp\/v2\/product_tag?post=103"}],"curies":[{"name":"wp","href":"https:\/\/api.w.org\/{rel}","templated":true}]}}