{"id":361,"date":"2022-05-23T09:32:55","date_gmt":"2022-05-23T09:32:55","guid":{"rendered":"https:\/\/xunterbunt.ch\/?post_type=product&#038;p=361"},"modified":"2025-10-11T13:36:15","modified_gmt":"2025-10-11T13:36:15","slug":"schokoladen-karamell-kuchen-mit-gesalzenen-cashewnuesse","status":"publish","type":"product","link":"https:\/\/xunterbunt.ch\/index.php\/produkt\/schokoladen-karamell-kuchen-mit-gesalzenen-cashewnuesse\/","title":{"rendered":"Schoko-Karamell-Kuchen"},"content":{"rendered":"<p>Zutaten: Karamellsauce (Bio <strong>Vollrahm<\/strong>, Bio <strong>Butter<\/strong>, Erythrit (mit Apfelextrakt und nat\u00fcrliche Aromen), Xylit, Salz), dunkle Schokolade ohne Zuckerzusatz (Kakaomasse, S\u00fcssungsmittel: Maltit und Steviolglycoside, Kakaobutter, Kakaopulver, nat\u00fcrliches Aroma. Kakao: 72 % mindestens), Bio <strong>Butter<\/strong>, <strong>Vollmilch<\/strong>schokolade ohne Zuckerzusatz (S\u00fcssungsmittel: Maltit und Steviolglycoside, <strong>Vollmilch<\/strong>pulver, Kakaobutter, Kakaomasse,\u00a0<strong>Haseln\u00fcsse\u00a0<\/strong>gemahlen, Emulgator:\u00a0<strong>Soja<\/strong>lecithin, nat\u00fcrliches Aroma. Kakao: 30 % mindestens), Bio <strong>Eier<\/strong>, Xylit,\u00a0 Erythrit (mit Apfelextrakt und nat\u00fcrliche Aromen), Bio Kaffee, Bio <strong>Dinkelmehl<\/strong>, Bii Kakaopulver, Vanillebourbon, Fleur de Sel.<\/p>\n<p>Allergene: Enth\u00e4lt N\u00fcsse, Eier, Gluten und Milch.<\/p>\n","protected":false},"excerpt":{"rendered":"<p>Deftiger Schokoladenkuchen mit Karamellsauce, gesalzenen Cashewn\u00fcsse und Fleur de Sel.<\/p>\n<p>1 St\u00fcck = 1\/8 Kuchen (1-2 Portionen, da sehr mastig)<\/p>\n<p>Im K\u00fchlschrank 4 Tage <strong>haltbar<\/strong>.<\/p>\n<p>Hinweis: Das Xylit ist bei diesem Produkt im Mund sp\u00fcrbar.<\/p>\n<p>&nbsp;<\/p>\n","protected":false},"featured_media":376,"comment_status":"open","ping_status":"closed","template":"","meta":[],"product_cat":[18],"product_tag":[],"class_list":["post-361","product","type-product","status-publish","has-post-thumbnail","hentry","product_cat-backwaren"],"_links":{"self":[{"href":"https:\/\/xunterbunt.ch\/index.php\/wp-json\/wp\/v2\/product\/361","targetHints":{"allow":["GET"]}}],"collection":[{"href":"https:\/\/xunterbunt.ch\/index.php\/wp-json\/wp\/v2\/product"}],"about":[{"href":"https:\/\/xunterbunt.ch\/index.php\/wp-json\/wp\/v2\/types\/product"}],"replies":[{"embeddable":true,"href":"https:\/\/xunterbunt.ch\/index.php\/wp-json\/wp\/v2\/comments?post=361"}],"wp:featuredmedia":[{"embeddable":true,"href":"https:\/\/xunterbunt.ch\/index.php\/wp-json\/wp\/v2\/media\/376"}],"wp:attachment":[{"href":"https:\/\/xunterbunt.ch\/index.php\/wp-json\/wp\/v2\/media?parent=361"}],"wp:term":[{"taxonomy":"product_cat","embeddable":true,"href":"https:\/\/xunterbunt.ch\/index.php\/wp-json\/wp\/v2\/product_cat?post=361"},{"taxonomy":"product_tag","embeddable":true,"href":"https:\/\/xunterbunt.ch\/index.php\/wp-json\/wp\/v2\/product_tag?post=361"}],"curies":[{"name":"wp","href":"https:\/\/api.w.org\/{rel}","templated":true}]}}